{"id":4360,"date":"2025-03-11T13:59:20","date_gmt":"2025-03-11T05:59:20","guid":{"rendered":"https:\/\/www.ghz-berlin.org\/?page_id=4360"},"modified":"2025-03-21T09:52:20","modified_gmt":"2025-03-21T01:52:20","slug":"vertriebsmitarbeiter","status":"publish","type":"page","link":"https:\/\/www.ghz-berlin.org\/zh\/vertriebsmitarbeiter","title":{"rendered":"\u5e02\u573a\u62d3\u5c55\u4e13\u5458"},"content":{"rendered":"<div class=\"wpb-content-wrapper\"><div class=\"vc_row wpb_row vc_row-fluid vc_custom_1742355405875\"><div class=\"wpb_column vc_column_container vc_col-sm-12\"><div class=\"vc_column-inner\"><div class=\"wpb_wrapper\"><div  class=\"vc_do_toggle vc_toggle vc_toggle_default vc_toggle_color_default  vc_toggle_size_md vc_toggle_active   wpb_animate_when_almost_visible wpb_fadeIn fadeIn vc_custom_1742355529851\"><div class=\"vc_toggle_title\"><h4>\u5168\u804c\/\u517c\u804c<\/h4><i class=\"vc_toggle_icon\"><\/i><\/div><div class=\"vc_toggle_content\"><p>\u5168\u804c<\/p>\n<\/div><\/div><div  class=\"vc_do_toggle vc_toggle vc_toggle_default vc_toggle_color_default  vc_toggle_size_md vc_toggle_active   wpb_animate_when_almost_visible wpb_fadeIn fadeIn\"><div class=\"vc_toggle_title\"><h4>\u5de5\u4f5c\u5185\u5bb9<\/h4><i class=\"vc_toggle_icon\"><\/i><\/div><div class=\"vc_toggle_content\"><ul>\n<li>\u8d1f\u8d23\u62d3\u5c55\u804c\u4e1a\u6559\u80b2\u9886\u57df\u7684\u8d44\u6e90\uff0c\u5e76\u786e\u4fdd\u76f8\u5173\u6570\u636e\u7684\u51c6\u786e\u6027\u548c\u53ca\u65f6\u66f4\u65b0\u3002<\/li>\n<li>\u53c2\u4e0e\u53cc\u5143\u5236\u9879\u76ee\u7684\u6574\u4f53\u8fd0\u8425\u3002<\/li>\n<li>\u534f\u52a9\u62db\u8058\u6d41\u7a0b\uff0c\u5305\u62ec\u4e3a\u6c42\u804c\u8005\u51c6\u5907\u7533\u8bf7\u6750\u6599\uff0c\u7ec4\u7ec7\u548c\u5b89\u6392\u9762\u8bd5\u57f9\u8bad\u3002<\/li>\n<li>\u7ef4\u62a4\u5e76\u53d1\u5c55\u4e0e\u5408\u4f5c\u4f19\u4f34\uff08\u5982\u6559\u80b2\u673a\u6784\u3001\u4f01\u4e1a\u7b49\uff09\u7684\u4e1a\u52a1\u5173\u7cfb\uff0c\u63a8\u52a8\u9879\u76ee\u7684\u987a\u5229\u5b9e\u65bd\u3002<\/li>\n<li>\u534f\u52a9\u5176\u4ed6\u90e8\u95e8\u5f00\u5c55\u5e02\u573a\u6d3b\u52a8\uff0c\u63a8\u52a8\u54c1\u724c\u5f71\u54cd\u529b\u7684\u63d0\u5347\u3002<\/li>\n<li>\u8d1f\u8d23\u5546\u52a1\u8c08\u5224\u3001\u5408\u540c\u4fee\u6539\u53ca\u7b7e\u7ea6\u7b49\u4e8b\u52a1\uff0c\u786e\u4fdd\u5408\u4f5c\u534f\u8bae\u7684\u987a\u5229\u8fbe\u6210\u4e0e\u6267\u884c\u3002<\/li>\n<\/ul>\n<\/div><\/div><div  class=\"vc_do_toggle vc_toggle vc_toggle_default vc_toggle_color_default  vc_toggle_size_md vc_toggle_active   wpb_animate_when_almost_visible wpb_fadeIn fadeIn\"><div class=\"vc_toggle_title\"><h4>\u5c97\u4f4d\u8981\u6c42<\/h4><i class=\"vc_toggle_icon\"><\/i><\/div><div class=\"vc_toggle_content\"><ul>\n<li>\u5177\u5907C1\u7ea7\u5fb7\u8bed\u6c34\u5e73\uff0c\u80fd\u591f\u719f\u7ec3\u4f7f\u7528\u5fb7\u8bed\u8fdb\u884c\u5546\u52a1\u6c9f\u901a\u3002<\/li>\n<li>\u62e5\u6709\u6709\u6548\u7684\u5fb7\u56fd\u9a7e\u7167\uff0c\u80fd\u591f\u7075\u6d3b\u51fa\u5dee\u3002<\/li>\n<li>\u5177\u5907\u826f\u597d\u7684\u5408\u4f5c\u6d3d\u8c08\u80fd\u529b\u6216\u5546\u52a1\u8c08\u5224\u7ecf\u9a8c\uff0c\u6709\u8f83\u5f3a\u7684\u6c9f\u901a\u6280\u5de7\u548c\u8c08\u5224\u80fd\u529b\u3002<\/li>\n<li>\u5bf9\u5408\u4f5c\u529e\u5b66\u3001\u6821\u4f01\u5408\u4f5c\u53ca\u804c\u4e1a\u57f9\u8bad\u9886\u57df\u6709\u4e00\u5b9a\u4e86\u89e3\u8005\u4f18\u5148\u3002<\/li>\n<li>\u5177\u6709\u826f\u597d\u7684\u56e2\u961f\u5408\u4f5c\u7cbe\u795e\uff0c\u5177\u5907\u51fa\u8272\u7684\u6c9f\u901a\u4e0e\u8868\u8fbe\u80fd\u529b\uff0c\u80fd\u591f\u8fc5\u901f\u5e94\u5bf9\u7a81\u53d1\u60c5\u51b5\u3002<\/li>\n<li>\u5de5\u4f5c\u4e25\u8c28\u7ec6\u81f4\uff0c\u5177\u5907\u8f83\u5f3a\u7684\u6297\u538b\u80fd\u529b\uff0c\u80fd\u591f\u5728\u5feb\u8282\u594f\u7684\u5de5\u4f5c\u73af\u5883\u4e2d\u4fdd\u6301\u9ad8\u6548\u3002<\/li>\n<\/ul>\n<\/div><\/div><\/div><\/div><\/div><\/div><div data-vc-full-width=\"true\" data-vc-full-width-temp=\"true\" data-vc-full-width-init=\"false\" class=\"vc_row wpb_row vc_row-fluid vc_custom_1742355660391 vc_row-has-fill\"><div class=\"wpb_column vc_column_container vc_col-sm-12 vc_col-lg-offset-2 vc_col-lg-8 vc_col-md-offset-2 vc_col-md-8 vc_col-sm-offset-0 vc_col-xs-12\"><div class=\"vc_column-inner\"><div class=\"wpb_wrapper\"><div id=\"ultimate-heading-919069f1f91ed7934\" class=\"uvc-heading ult-adjust-bottom-margin ultimate-heading-919069f1f91ed7934 uvc-269\" data-hspacer=\"no_spacer\"  data-halign=\"center\" style=\"text-align:center\"><div class=\"uvc-heading-spacer no_spacer\" style=\"top\"><\/div><div class=\"uvc-main-heading ult-responsive\"  data-ultimate-target='.uvc-heading.ultimate-heading-919069f1f91ed7934 h2'  data-responsive-json-new='{\"font-size\":\"\",\"line-height\":\"\"}' ><h2 style=\"font-weight:bold;color:#ffffff;margin-bottom:15px;\">\u8054\u7cfb\u6211\u4eec<\/h2><\/div><div class=\"uvc-sub-heading ult-responsive\"  data-ultimate-target='.uvc-heading.ultimate-heading-919069f1f91ed7934 .uvc-sub-heading '  data-responsive-json-new='{\"font-size\":\"\",\"line-height\":\"\"}'  style=\"font-weight:normal;color:rgba(255,255,255,0.7);margin-bottom:30px;\">\u5bf9\u672c\u804c\u4f4d\u6709\u4efb\u4f55\u7591\u95ee\u6216\u8005\u6709\u5176\u4ed6\u7684\u60f3\u6cd5\uff1f<\/p>\n<p>\u53ef\u4ee5\u968f\u65f6\u8054\u7cfb\u6211\u4eec\u7684HR<\/p>\n<p>+49 3022190165<br \/>\nhr@ghz-berlin.org<\/div><\/div><\/div><\/div><\/div><\/div><div class=\"vc_row-full-width vc_clearfix\"><\/div>\n<\/div>","protected":false},"excerpt":{"rendered":"<p>Vollzeit\/TeilzeitVollzeit Aufgaben Akquise f\u00fcr das Ausbildungsprojekt Unterst\u00fctzen aktiv im Bewerbungsprozess, wie der Erstellung von Bewerbungsunterlagen f\u00fcr unsere Bewerber sowie der Planung und Organisation von Bewerbungstrainings. Entwicklung neuer Ressourcen und neuer Projekte Pflege und Entwicklung von Gesch\u00e4ftsbeziehungen zu Partnern. Zusammenarbeit mit anderen Abteilungen zur Bereitstellung von erforderlichen Informationen und Unterst\u00fctzung Verantwortlich f\u00fcr Gesch\u00e4ftsverhandlungen, \u00c4nderung von Kooperationsvertr\u00e4gen,&hellip;<\/p>","protected":false},"author":1,"featured_media":0,"parent":0,"menu_order":83,"comment_status":"closed","ping_status":"closed","template":"","meta":{"footnotes":""},"class_list":["post-4360","page","type-page","status-publish","hentry","description-off"],"_links":{"self":[{"href":"https:\/\/www.ghz-berlin.org\/zh\/wp-json\/wp\/v2\/pages\/4360","targetHints":{"allow":["GET"]}}],"collection":[{"href":"https:\/\/www.ghz-berlin.org\/zh\/wp-json\/wp\/v2\/pages"}],"about":[{"href":"https:\/\/www.ghz-berlin.org\/zh\/wp-json\/wp\/v2\/types\/page"}],"author":[{"embeddable":true,"href":"https:\/\/www.ghz-berlin.org\/zh\/wp-json\/wp\/v2\/users\/1"}],"replies":[{"embeddable":true,"href":"https:\/\/www.ghz-berlin.org\/zh\/wp-json\/wp\/v2\/comments?post=4360"}],"version-history":[{"count":0,"href":"https:\/\/www.ghz-berlin.org\/zh\/wp-json\/wp\/v2\/pages\/4360\/revisions"}],"wp:attachment":[{"href":"https:\/\/www.ghz-berlin.org\/zh\/wp-json\/wp\/v2\/media?parent=4360"}],"curies":[{"name":"wp","href":"https:\/\/api.w.org\/{rel}","templated":true}]}}