{"id":4359,"date":"2025-03-11T13:59:20","date_gmt":"2025-03-11T05:59:20","guid":{"rendered":"https:\/\/www.ghz-berlin.org\/?page_id=4359"},"modified":"2025-03-21T09:51:52","modified_gmt":"2025-03-21T01:51:52","slug":"projektverwaltung","status":"publish","type":"page","link":"https:\/\/www.ghz-berlin.org\/zh\/projektverwaltung","title":{"rendered":"\u9879\u76ee\u52a9\u7406"},"content":{"rendered":"<div class=\"wpb-content-wrapper\"><div class=\"vc_row wpb_row vc_row-fluid vc_custom_1742355589113\"><div class=\"wpb_column vc_column_container vc_col-sm-12\"><div class=\"vc_column-inner\"><div class=\"wpb_wrapper\"><div  class=\"vc_do_toggle vc_toggle vc_toggle_default vc_toggle_color_default  vc_toggle_size_md vc_toggle_active   wpb_animate_when_almost_visible wpb_fadeIn fadeIn vc_custom_1742355600028\"><div class=\"vc_toggle_title\"><h4>\u5168\u804c\/\u517c\u804c<\/h4><i class=\"vc_toggle_icon\"><\/i><\/div><div class=\"vc_toggle_content\"><p>\u5168\u804c<\/p>\n<\/div><\/div><div  class=\"vc_do_toggle vc_toggle vc_toggle_default vc_toggle_color_default  vc_toggle_size_md vc_toggle_active   wpb_animate_when_almost_visible wpb_fadeIn fadeIn\"><div class=\"vc_toggle_title\"><h4>\u5de5\u4f5c\u5185\u5bb9<\/h4><i class=\"vc_toggle_icon\"><\/i><\/div><div class=\"vc_toggle_content\"><ul>\n<li>\u8d1f\u8d23\u9879\u76ee\u5bbf\u820d\u548c\u5b66\u751f\u7ba1\u7406\uff0c\u786e\u4fdd\u4e00\u5207\u4e95\u4e95\u6709\u6761,\u4e3a\u5b66\u751f\u5b89\u6392\u63a5\u673a\u3001\u5b89\u7f6e\uff0c\u63d0\u4f9b\u5168\u7a0b\u6696\u5fc3\u670d\u52a1\u3002<\/li>\n<li>\u89e3\u7b54\u5b66\u751f\u5173\u4e8e\u5b66\u4e60\u548c\u751f\u6d3b\u7684\u7591\u95ee\uff0c\u5e2e\u52a9\u4ed6\u4eec\u987a\u5229\u5ea6\u8fc7\u6bcf\u4e00\u5929\u3002<\/li>\n<li>\u9884\u79d1\u8003\u8bd5\u548c\u5927\u5b66\u7533\u8bf7\u7684\u8fc7\u7a0b\u4e2d\uff0c\u63d0\u4f9b\u4e13\u4e1a\u5efa\u8bae\uff0c\u8ba9\u5b66\u751f\u79bb\u68a6\u60f3\u66f4\u8fd1\u4e00\u6b65\uff01<\/li>\n<li>\u534f\u52a9\u89e3\u51b3\u5b66\u751f\u5173\u4e8e\u5b66\u4e1a\u548c\u7b7e\u8bc1\u7684\u5404\u79cd\u95ee\u9898\uff0c\u6210\u4e3a\u4ed6\u4eec\u7684\u575a\u5b9e\u540e\u76fe\u3002<\/li>\n<\/ul>\n<\/div><\/div><div  class=\"vc_do_toggle vc_toggle vc_toggle_default vc_toggle_color_default  vc_toggle_size_md vc_toggle_active   wpb_animate_when_almost_visible wpb_fadeIn fadeIn\"><div class=\"vc_toggle_title\"><h4>\u5c97\u4f4d\u8981\u6c42<\/h4><i class=\"vc_toggle_icon\"><\/i><\/div><div class=\"vc_toggle_content\"><ul>\n<li>\u4f60\u7684\u5fb7\u8bed\u6d41\u5229\uff0c\u8fd8\u5bf9\u5fb7\u56fd\u751f\u6d3b\u4e86\u5982\u6307\u638c\u3002<\/li>\n<li>\u6709\u5fb7\u56fd\u9a7e\u7167\u4f18\u5148\uff0c\u80fd\u5e26\u7740\u5b66\u751f\u4e00\u8d77\u63a2\u7d22\u672a\u77e5\u7684\u5fb7\u56fd\u98ce\u5149\u3002\u5982\u679c\u4f60\u6709\u76f8\u5173\u4ece\u4e1a\u7ecf\u9a8c\uff0c\u90a3\u5c31\u592a\u68d2\u5566\uff01<\/li>\n<li>\u80fd\u8bf4\u4f1a\u9053\uff0c\u64c5\u957f\u4e0e\u4eba\u6253\u4ea4\u9053\uff0c\u8fd8\u6709\u968f\u673a\u5e94\u53d8\u7684\u80fd\u529b\u3002<\/li>\n<li>\u8010\u5fc3\u7ec6\u81f4\uff0c\u5904\u53d8\u4e0d\u60ca\uff0c\u4e0e\u56e2\u961f\u878d\u6d3d\u76f8\u5904\u3002<\/li>\n<\/ul>\n<\/div><\/div><\/div><\/div><\/div><\/div><div data-vc-full-width=\"true\" data-vc-full-width-temp=\"true\" data-vc-full-width-init=\"false\" class=\"vc_row wpb_row vc_row-fluid vc_custom_1742355646755 vc_row-has-fill\"><div class=\"wpb_column vc_column_container vc_col-sm-12 vc_col-lg-offset-2 vc_col-lg-8 vc_col-md-offset-2 vc_col-md-8 vc_col-sm-offset-0 vc_col-xs-12\"><div class=\"vc_column-inner\"><div class=\"wpb_wrapper\"><div id=\"ultimate-heading-141869f71695b78c4\" class=\"uvc-heading ult-adjust-bottom-margin ultimate-heading-141869f71695b78c4 uvc-8197\" data-hspacer=\"no_spacer\"  data-halign=\"center\" style=\"text-align:center\"><div class=\"uvc-heading-spacer no_spacer\" style=\"top\"><\/div><div class=\"uvc-main-heading ult-responsive\"  data-ultimate-target='.uvc-heading.ultimate-heading-141869f71695b78c4 h2'  data-responsive-json-new='{\"font-size\":\"\",\"line-height\":\"\"}' ><h2 style=\"font-weight:bold;color:#ffffff;margin-bottom:15px;\">\u8054\u7cfb\u6211\u4eec<\/h2><\/div><div class=\"uvc-sub-heading ult-responsive\"  data-ultimate-target='.uvc-heading.ultimate-heading-141869f71695b78c4 .uvc-sub-heading '  data-responsive-json-new='{\"font-size\":\"\",\"line-height\":\"\"}'  style=\"font-weight:normal;color:rgba(255,255,255,0.7);margin-bottom:30px;\">\u5bf9\u672c\u804c\u4f4d\u6709\u4efb\u4f55\u7591\u95ee\u6216\u8005\u6709\u5176\u4ed6\u7684\u60f3\u6cd5\uff1f<\/p>\n<p>\u53ef\u4ee5\u968f\u65f6\u8054\u7cfb\u6211\u4eec\u7684HR<\/p>\n<p>+49 3022190165<br \/>\nhr@ghz-berlin.org<\/div><\/div><\/div><\/div><\/div><\/div><div class=\"vc_row-full-width vc_clearfix\"><\/div>\n<\/div>","protected":false},"excerpt":{"rendered":"<p>Vollzeit\/TeilzeitVollzeit Aufgaben Unterst\u00fctzen unsere Bildungsprojekte und leisten Verwaltung der Studentenwohnheime und Studentenbetreuung Unterst\u00fctzen dem Bewerbungsprozess unserer Bildungsteilnehmer, sowie der Wohnungssuche, der Abholung vom Flughafen usw. Betreuen der Bildungsteilnehmer und stehen ihnen hilfreich bei Lernen und Leben in Deutschland Allgemeine organisatorische T\u00e4tigkeiten, \u00dcbersetzungs- und Recherchearbeiten im Rahmen des Projekts. Profil Sie verf\u00fcgen gute Deutschkenntnisse, Chinesischkenntnisse sind&hellip;<\/p>","protected":false},"author":1,"featured_media":0,"parent":0,"menu_order":82,"comment_status":"closed","ping_status":"closed","template":"","meta":{"footnotes":""},"class_list":["post-4359","page","type-page","status-publish","hentry","description-off"],"_links":{"self":[{"href":"https:\/\/www.ghz-berlin.org\/zh\/wp-json\/wp\/v2\/pages\/4359","targetHints":{"allow":["GET"]}}],"collection":[{"href":"https:\/\/www.ghz-berlin.org\/zh\/wp-json\/wp\/v2\/pages"}],"about":[{"href":"https:\/\/www.ghz-berlin.org\/zh\/wp-json\/wp\/v2\/types\/page"}],"author":[{"embeddable":true,"href":"https:\/\/www.ghz-berlin.org\/zh\/wp-json\/wp\/v2\/users\/1"}],"replies":[{"embeddable":true,"href":"https:\/\/www.ghz-berlin.org\/zh\/wp-json\/wp\/v2\/comments?post=4359"}],"version-history":[{"count":0,"href":"https:\/\/www.ghz-berlin.org\/zh\/wp-json\/wp\/v2\/pages\/4359\/revisions"}],"wp:attachment":[{"href":"https:\/\/www.ghz-berlin.org\/zh\/wp-json\/wp\/v2\/media?parent=4359"}],"curies":[{"name":"wp","href":"https:\/\/api.w.org\/{rel}","templated":true}]}}