{"id":4217,"date":"2025-03-11T13:59:20","date_gmt":"2025-03-11T05:59:20","guid":{"rendered":"http:\/\/192.168.1.233\/?page_id=4217"},"modified":"2025-03-21T09:51:17","modified_gmt":"2025-03-21T01:51:17","slug":"social-media-manager","status":"publish","type":"page","link":"https:\/\/www.ghz-berlin.org\/zh\/social-media-manager","title":{"rendered":"\u65b0\u5a92\u4f53\u8fd0\u8425"},"content":{"rendered":"<div class=\"wpb-content-wrapper\"><div class=\"vc_row wpb_row vc_row-fluid vc_custom_1742355246947\"><div class=\"wpb_column vc_column_container vc_col-sm-12\"><div class=\"vc_column-inner\"><div class=\"wpb_wrapper\"><div  class=\"vc_do_toggle vc_toggle vc_toggle_default vc_toggle_color_default  vc_toggle_size_md vc_toggle_active   wpb_animate_when_almost_visible wpb_fadeIn fadeIn vc_custom_1742354399098\"><div class=\"vc_toggle_title\"><h4>\u5168\u804c\/\u517c\u804c<\/h4><i class=\"vc_toggle_icon\"><\/i><\/div><div class=\"vc_toggle_content\"><p>\u5168\u804c<\/p>\n<\/div><\/div><div  class=\"vc_do_toggle vc_toggle vc_toggle_default vc_toggle_color_default  vc_toggle_size_md vc_toggle_active   wpb_animate_when_almost_visible wpb_fadeIn fadeIn\"><div class=\"vc_toggle_title\"><h4>\u5de5\u4f5c\u5185\u5bb9<\/h4><i class=\"vc_toggle_icon\"><\/i><\/div><div class=\"vc_toggle_content\"><ul>\n<li class=\" translation-block\">\u89c6\u9891\u62cd\u6444\u4e0e\u51fa\u955c<br>\n\u6839\u636e\u96c7\u4e3b\u8981\u6c42\uff0c\u8fdb\u884c\u89c6\u9891\u62cd\u6444\u548c\u51fa\u955c\uff0c\u4f8b\u5982\u65e5\u5e38\u77ed\u89c6\u9891\u8d26\u53f7\u5185\u5bb9\u3001\u5b66\u751f\u63a5\u673a\u3001\u91c7\u8bbf\u548c\u5fb7\u56fd\u65e5\u5e38\u751f\u6d3b\u573a\u666f\u7b49\uff0c\u786e\u4fdd\u89c6\u9891\u8d28\u91cf\u548c\u5185\u5bb9\u7b26\u5408\u8981\u6c42\u3002<\/li>\n<li class=\" translation-block\">\u77ed\u89c6\u9891\u77e9\u9635\u8fd0\u8425\u4e0e\u7ba1\u7406<br>\n\u8d1f\u8d23\u77ed\u89c6\u9891\u77e9\u9635\u7684\u65e5\u5e38\u8fd0\u8425\uff0c\u5305\u62ec\u5185\u5bb9\u53d1\u5e03\u3001\u7c89\u4e1d\u4e92\u52a8\u3001\u8bc4\u8bba\u56de\u590d\u7b49\uff1b\u8ddf\u8e2a\u5206\u6790\u77ed\u89c6\u9891\u6570\u636e\uff0c\u8c03\u6574\u8fd0\u8425\u7b56\u7565\uff0c\u63d0\u5347\u8d26\u53f7\u6743\u91cd\u548c\u5185\u5bb9\u66dd\u5149\u7387\u3002<\/li>\n<li class=\" translation-block\">\u5185\u5bb9\u7b56\u5212\u4e0e\u811a\u672c\u64b0\u5199<br>\n\u6839\u636e\u5e73\u53f0\u7279\u70b9\u548c\u76ee\u6807\u53d7\u4f17\uff0c\u5236\u5b9a\u77ed\u89c6\u9891\u5185\u5bb9\u7b56\u7565\uff0c\u7b56\u5212\u521b\u610f\u9009\u9898\u5e76\u64b0\u5199\u9ad8\u8d28\u91cf\u3001\u5438\u5f15\u773c\u7403\u7684\u77ed\u89c6\u9891\u811a\u672c\u3002<\/li>\n<li class=\" translation-block\">\u5173\u6ce8\u884c\u4e1a\u70ed\u70b9\u4e0e\u5e73\u53f0\u8d8b\u52bf<br>\n\u7ed3\u5408\u54c1\u724c\u6216\u4ea7\u54c1\u7279\u70b9\uff0c\u521b\u4f5c\u5177\u6709\u4f20\u64ad\u6027\u548c\u8bdd\u9898\u6027\u7684\u77ed\u89c6\u9891\u5185\u5bb9\uff0c\u5173\u6ce8\u884c\u4e1a\u52a8\u6001\u548c\u5e73\u53f0\u8d8b\u52bf\uff0c\u786e\u4fdd\u5185\u5bb9\u7684\u65f6\u6548\u6027\u548c\u5f71\u54cd\u529b\u3002<\/li>\n<li class=\" translation-block\">\u76f4\u64ad\u9879\u76ee\u53c2\u4e0e\u4e0e\u7b56\u5212<br>\n\u53c2\u4e0e\u76f4\u64ad\u7b56\u5212\u53ca\u811a\u672c\u64b0\u5199\uff0c\u901a\u8fc7\u77ed\u89c6\u9891\u77e9\u9635\u8fdb\u884c\u76f4\u64ad\u9884\u70ed\u5ba3\u4f20\uff0c\u5e76\u5728\u76f4\u64ad\u8fc7\u7a0b\u4e2d\u63d0\u4f9b\u534f\u52a9\u53ca\u7ef4\u62a4\uff0c\u786e\u4fdd\u76f4\u64ad\u6548\u679c\u8fbe\u5230\u9884\u671f\u3002<\/li>\n<\/ul>\n<\/div><\/div><div  class=\"vc_do_toggle vc_toggle vc_toggle_default vc_toggle_color_default  vc_toggle_size_md vc_toggle_active   wpb_animate_when_almost_visible wpb_fadeIn fadeIn\"><div class=\"vc_toggle_title\"><h4>\u5c97\u4f4d\u8981\u6c42<\/h4><i class=\"vc_toggle_icon\"><\/i><\/div><div class=\"vc_toggle_content\"><ul>\n<li>\u70ed\u7231\u77ed\u89c6\u9891\u521b\u4f5c\uff0c\u5177\u5907\u4f18\u79c0\u7684\u521b\u610f\u7b56\u5212\u80fd\u529b\u548c\u811a\u672c\u64b0\u5199\u80fd\u529b\u3002<\/li>\n<li>\u719f\u6089\u4e3b\u6d41\u77ed\u89c6\u9891\u5e73\u53f0\uff08\u5982\u6296\u97f3\u3001\u5feb\u624b\u3001\u89c6\u9891\u53f7\u7b49\uff09\u7684\u8fd0\u8425\u89c4\u5219\u548c\u7b97\u6cd5\u673a\u5236\uff0c\u5177\u5907\u4e00\u5b9a\u7684\u6570\u636e\u5206\u6790\u80fd\u529b\u3002<\/li>\n<li>\u5177\u5907\u826f\u597d\u7684\u6c9f\u901a\u80fd\u529b\u548c\u56e2\u961f\u5408\u4f5c\u7cbe\u795e\uff0c\u5de5\u4f5c\u79ef\u6781\u4e3b\u52a8\uff0c\u8d23\u4efb\u5fc3\u5f3a\u3002<\/li>\n<li>\u719f\u6089\u5fb7\u56fd\u6587\u5316\u548c\u793e\u4f1a\u73af\u5883\uff0c\u5b66\u4e60\u80fd\u529b\u5f3a\uff0c\u80fd\u591f\u5feb\u901f\u638c\u63e1\u65b0\u77e5\u8bc6\u548c\u65b0\u6280\u80fd\u3002<\/li>\n<li>\u4e13\u4e1a\u4e0d\u9650\uff0c1\u5e74\u4ee5\u4e0a\u77ed\u89c6\u9891\u8fd0\u8425\u76f8\u5173\u5de5\u4f5c\u7ecf\u9a8c\uff0c\u6709\u6210\u529f\u6848\u4f8b\u8005\u4f18\u5148\u3002<\/li>\n<\/ul>\n<\/div><\/div><\/div><\/div><\/div><\/div><div data-vc-full-width=\"true\" data-vc-full-width-temp=\"true\" data-vc-full-width-init=\"false\" class=\"vc_row wpb_row vc_row-fluid vc_custom_1742355113707 vc_row-has-fill\"><div class=\"wpb_column vc_column_container vc_col-sm-12 vc_col-lg-offset-2 vc_col-lg-8 vc_col-md-offset-2 vc_col-md-8 vc_col-sm-offset-0 vc_col-xs-12\"><div class=\"vc_column-inner\"><div class=\"wpb_wrapper\"><div id=\"ultimate-heading-905269f1fd8bc8a39\" class=\"uvc-heading ult-adjust-bottom-margin ultimate-heading-905269f1fd8bc8a39 uvc-5213\" data-hspacer=\"no_spacer\"  data-halign=\"center\" style=\"text-align:center\"><div class=\"uvc-heading-spacer no_spacer\" style=\"top\"><\/div><div class=\"uvc-main-heading ult-responsive\"  data-ultimate-target='.uvc-heading.ultimate-heading-905269f1fd8bc8a39 h2'  data-responsive-json-new='{\"font-size\":\"\",\"line-height\":\"\"}' ><h2 style=\"font-weight:bold;color:#ffffff;margin-bottom:15px;\">\u8054\u7cfb\u6211\u4eec<\/h2><\/div><div class=\"uvc-sub-heading ult-responsive\"  data-ultimate-target='.uvc-heading.ultimate-heading-905269f1fd8bc8a39 .uvc-sub-heading '  data-responsive-json-new='{\"font-size\":\"\",\"line-height\":\"\"}'  style=\"font-weight:normal;color:rgba(255,255,255,0.7);margin-bottom:30px;\">\u5bf9\u672c\u804c\u4f4d\u6709\u4efb\u4f55\u7591\u95ee\u6216\u8005\u6709\u5176\u4ed6\u7684\u60f3\u6cd5\uff1f<\/p>\n<p>\u53ef\u4ee5\u968f\u65f6\u8054\u7cfb\u6211\u4eec\u7684HR<\/p>\n<p>+49 3022190165<br \/>\nhr@ghz-berlin.org<\/div><\/div><\/div><\/div><\/div><\/div><div class=\"vc_row-full-width vc_clearfix\"><\/div>\n<\/div>","protected":false},"excerpt":{"rendered":"<p>Vollzeit\/TeilzeitVollzeit Aufgaben Videoaufnahmen und Auftritt Erstellen von Videos nach den Vorgaben des Arbeitgebers, z.B. f\u00fcr Kurzvideos auf Social Media, Begr\u00fc\u00dfung von Studierenden am Flughafen, Interviews und Alltagsszenen aus Deutschland. Sicherstellen, dass die Videoqualit\u00e4t und der Inhalt den Anforderungen entsprechen. Betrieb und Verwaltung der Kurzvideo-Plattform Verantwortlich f\u00fcr die t\u00e4gliche Verwaltung der Kurzvideo-Plattformen, einschlie\u00dflich Inhaltsver\u00f6ffentlichung, Interaktion mit&hellip;<\/p>","protected":false},"author":1,"featured_media":0,"parent":0,"menu_order":81,"comment_status":"closed","ping_status":"closed","template":"","meta":{"footnotes":""},"class_list":["post-4217","page","type-page","status-publish","hentry","description-off"],"_links":{"self":[{"href":"https:\/\/www.ghz-berlin.org\/zh\/wp-json\/wp\/v2\/pages\/4217","targetHints":{"allow":["GET"]}}],"collection":[{"href":"https:\/\/www.ghz-berlin.org\/zh\/wp-json\/wp\/v2\/pages"}],"about":[{"href":"https:\/\/www.ghz-berlin.org\/zh\/wp-json\/wp\/v2\/types\/page"}],"author":[{"embeddable":true,"href":"https:\/\/www.ghz-berlin.org\/zh\/wp-json\/wp\/v2\/users\/1"}],"replies":[{"embeddable":true,"href":"https:\/\/www.ghz-berlin.org\/zh\/wp-json\/wp\/v2\/comments?post=4217"}],"version-history":[{"count":0,"href":"https:\/\/www.ghz-berlin.org\/zh\/wp-json\/wp\/v2\/pages\/4217\/revisions"}],"wp:attachment":[{"href":"https:\/\/www.ghz-berlin.org\/zh\/wp-json\/wp\/v2\/media?parent=4217"}],"curies":[{"name":"wp","href":"https:\/\/api.w.org\/{rel}","templated":true}]}}