{"id":4360,"date":"2025-03-11T13:59:20","date_gmt":"2025-03-11T05:59:20","guid":{"rendered":"https:\/\/www.ghz-berlin.org\/?page_id=4360"},"modified":"2025-03-21T09:52:20","modified_gmt":"2025-03-21T01:52:20","slug":"vertriebsmitarbeiter","status":"publish","type":"page","link":"https:\/\/www.ghz-berlin.org\/en\/vertriebsmitarbeiter","title":{"rendered":"Sales Representative"},"content":{"rendered":"<div class=\"wpb-content-wrapper\"><div class=\"vc_row wpb_row vc_row-fluid vc_custom_1742355405875\"><div class=\"wpb_column vc_column_container vc_col-sm-12\"><div class=\"vc_column-inner\"><div class=\"wpb_wrapper\"><div  class=\"vc_do_toggle vc_toggle vc_toggle_default vc_toggle_color_default  vc_toggle_size_md vc_toggle_active   wpb_animate_when_almost_visible wpb_fadeIn fadeIn vc_custom_1742355529851\"><div class=\"vc_toggle_title\"><h4>Full-time\/Part-time<\/h4><i class=\"vc_toggle_icon\"><\/i><\/div><div class=\"vc_toggle_content\"><p>Full-time<\/p>\n<\/div><\/div><div  class=\"vc_do_toggle vc_toggle vc_toggle_default vc_toggle_color_default  vc_toggle_size_md vc_toggle_active   wpb_animate_when_almost_visible wpb_fadeIn fadeIn\"><div class=\"vc_toggle_title\"><h4>Responsibilities<\/h4><i class=\"vc_toggle_icon\"><\/i><\/div><div class=\"vc_toggle_content\"><ul>\n<li>Acquisition for the training project.<\/li>\n<li>Actively support the application process, such as creating application documents for our applicants and planning and organizing application training.<\/li>\n<li>Development of new resources and new projects.<\/li>\n<li>Maintain and develop business relationships with partners.<\/li>\n<li>Collaborate with other departments to provide necessary information and support.<\/li>\n<li>Responsible for business negotiations, modifications of cooperation contracts, contract signing, etc.<\/li>\n<\/ul>\n<\/div><\/div><div  class=\"vc_do_toggle vc_toggle vc_toggle_default vc_toggle_color_default  vc_toggle_size_md vc_toggle_active   wpb_animate_when_almost_visible wpb_fadeIn fadeIn\"><div class=\"vc_toggle_title\"><h4>Requirements<\/h4><i class=\"vc_toggle_icon\"><\/i><\/div><div class=\"vc_toggle_content\"><ul>\n<li>Knowledge of Chinese is an advantage.<\/li>\n<li>Class B driver's license.<\/li>\n<li>Experience in collaboration and negotiation is an advantage.<\/li>\n<li>Knowledge in educational cooperation, collaboration between universities and companies, vocational training.<\/li>\n<li>Strong communication skills, adaptability, and team spirit.<\/li>\n<li>Thoroughness, seriousness, and a certain level of resilience.<\/li>\n<\/ul>\n<\/div><\/div><\/div><\/div><\/div><\/div><div data-vc-full-width=\"true\" data-vc-full-width-temp=\"true\" data-vc-full-width-init=\"false\" class=\"vc_row wpb_row vc_row-fluid vc_custom_1742355660391 vc_row-has-fill\"><div class=\"wpb_column vc_column_container vc_col-sm-12 vc_col-lg-offset-2 vc_col-lg-8 vc_col-md-offset-2 vc_col-md-8 vc_col-sm-offset-0 vc_col-xs-12\"><div class=\"vc_column-inner\"><div class=\"wpb_wrapper\"><div id=\"ultimate-heading-797569f1f94e22e79\" class=\"uvc-heading ult-adjust-bottom-margin ultimate-heading-797569f1f94e22e79 uvc-3448\" data-hspacer=\"no_spacer\"  data-halign=\"center\" style=\"text-align:center\"><div class=\"uvc-heading-spacer no_spacer\" style=\"top\"><\/div><div class=\"uvc-main-heading ult-responsive\"  data-ultimate-target='.uvc-heading.ultimate-heading-797569f1f94e22e79 h2'  data-responsive-json-new='{\"font-size\":\"\",\"line-height\":\"\"}' ><h2 style=\"font-weight:bold;color:#ffffff;margin-bottom:15px;\">Contact Us<\/h2><\/div><div class=\"uvc-sub-heading ult-responsive\"  data-ultimate-target='.uvc-heading.ultimate-heading-797569f1f94e22e79 .uvc-sub-heading '  data-responsive-json-new='{\"font-size\":\"\",\"line-height\":\"\"}'  style=\"font-weight:normal;color:rgba(255,255,255,0.7);margin-bottom:30px;\">Do you have any questions about this position or other thoughts?<\/p>\n<p>You can contact our HR at any time<\/p>\n<p>+49 3022190165<br \/>\nhr@ghz-berlin.org<\/div><\/div><\/div><\/div><\/div><\/div><div class=\"vc_row-full-width vc_clearfix\"><\/div>\n<\/div>","protected":false},"excerpt":{"rendered":"<p>Vollzeit\/TeilzeitVollzeit Aufgaben Akquise f\u00fcr das Ausbildungsprojekt Unterst\u00fctzen aktiv im Bewerbungsprozess, wie der Erstellung von Bewerbungsunterlagen f\u00fcr unsere Bewerber sowie der Planung und Organisation von Bewerbungstrainings. Entwicklung neuer Ressourcen und neuer Projekte Pflege und Entwicklung von Gesch\u00e4ftsbeziehungen zu Partnern. Zusammenarbeit mit anderen Abteilungen zur Bereitstellung von erforderlichen Informationen und Unterst\u00fctzung Verantwortlich f\u00fcr Gesch\u00e4ftsverhandlungen, \u00c4nderung von Kooperationsvertr\u00e4gen,&hellip;<\/p>","protected":false},"author":1,"featured_media":0,"parent":0,"menu_order":83,"comment_status":"closed","ping_status":"closed","template":"","meta":{"footnotes":""},"class_list":["post-4360","page","type-page","status-publish","hentry","description-off"],"_links":{"self":[{"href":"https:\/\/www.ghz-berlin.org\/en\/wp-json\/wp\/v2\/pages\/4360","targetHints":{"allow":["GET"]}}],"collection":[{"href":"https:\/\/www.ghz-berlin.org\/en\/wp-json\/wp\/v2\/pages"}],"about":[{"href":"https:\/\/www.ghz-berlin.org\/en\/wp-json\/wp\/v2\/types\/page"}],"author":[{"embeddable":true,"href":"https:\/\/www.ghz-berlin.org\/en\/wp-json\/wp\/v2\/users\/1"}],"replies":[{"embeddable":true,"href":"https:\/\/www.ghz-berlin.org\/en\/wp-json\/wp\/v2\/comments?post=4360"}],"version-history":[{"count":0,"href":"https:\/\/www.ghz-berlin.org\/en\/wp-json\/wp\/v2\/pages\/4360\/revisions"}],"wp:attachment":[{"href":"https:\/\/www.ghz-berlin.org\/en\/wp-json\/wp\/v2\/media?parent=4360"}],"curies":[{"name":"wp","href":"https:\/\/api.w.org\/{rel}","templated":true}]}}