{"id":4359,"date":"2025-03-11T13:59:20","date_gmt":"2025-03-11T05:59:20","guid":{"rendered":"https:\/\/www.ghz-berlin.org\/?page_id=4359"},"modified":"2025-03-21T09:51:52","modified_gmt":"2025-03-21T01:51:52","slug":"projektverwaltung","status":"publish","type":"page","link":"https:\/\/www.ghz-berlin.org\/en\/projektverwaltung","title":{"rendered":"Project Managemen"},"content":{"rendered":"<div class=\"wpb-content-wrapper\"><div class=\"vc_row wpb_row vc_row-fluid vc_custom_1742355589113\"><div class=\"wpb_column vc_column_container vc_col-sm-12\"><div class=\"vc_column-inner\"><div class=\"wpb_wrapper\"><div  class=\"vc_do_toggle vc_toggle vc_toggle_default vc_toggle_color_default  vc_toggle_size_md vc_toggle_active   wpb_animate_when_almost_visible wpb_fadeIn fadeIn vc_custom_1742355600028\"><div class=\"vc_toggle_title\"><h4>Full-time\/Part-time<\/h4><i class=\"vc_toggle_icon\"><\/i><\/div><div class=\"vc_toggle_content\"><p>Full-time<\/p>\n<\/div><\/div><div  class=\"vc_do_toggle vc_toggle vc_toggle_default vc_toggle_color_default  vc_toggle_size_md vc_toggle_active   wpb_animate_when_almost_visible wpb_fadeIn fadeIn\"><div class=\"vc_toggle_title\"><h4>Responsibilities<\/h4><i class=\"vc_toggle_icon\"><\/i><\/div><div class=\"vc_toggle_content\"><ul>\n<li>Support our educational projects and manage student housing and student care.<\/li>\n<li>Assist with the application process for our education participants, including housing search, airport pickup, etc.<\/li>\n<li>Provide support to education participants, helping them with learning and daily life in Germany.<\/li>\n<li>General organizational tasks, translation, and research work related to the project.<\/li>\n<\/ul>\n<\/div><\/div><div  class=\"vc_do_toggle vc_toggle vc_toggle_default vc_toggle_color_default  vc_toggle_size_md vc_toggle_active   wpb_animate_when_almost_visible wpb_fadeIn fadeIn\"><div class=\"vc_toggle_title\"><h4>Requirements<\/h4><i class=\"vc_toggle_icon\"><\/i><\/div><div class=\"vc_toggle_content\"><ul>\n<li>Proficient in German, knowledge of Chinese is an advantage.<\/li>\n<li>Quick to grasp new concepts and able to work independently, in a structured manner, and solution- and service-oriented even in stressful situations.<\/li>\n<li>A team player with strong communication skills.<\/li>\n<li>Proficient in MS Office.<\/li>\n<\/ul>\n<\/div><\/div><\/div><\/div><\/div><\/div><div data-vc-full-width=\"true\" data-vc-full-width-temp=\"true\" data-vc-full-width-init=\"false\" class=\"vc_row wpb_row vc_row-fluid vc_custom_1742355646755 vc_row-has-fill\"><div class=\"wpb_column vc_column_container vc_col-sm-12 vc_col-lg-offset-2 vc_col-lg-8 vc_col-md-offset-2 vc_col-md-8 vc_col-sm-offset-0 vc_col-xs-12\"><div class=\"vc_column-inner\"><div class=\"wpb_wrapper\"><div id=\"ultimate-heading-821269f7170a2d34a\" class=\"uvc-heading ult-adjust-bottom-margin ultimate-heading-821269f7170a2d34a uvc-768\" data-hspacer=\"no_spacer\"  data-halign=\"center\" style=\"text-align:center\"><div class=\"uvc-heading-spacer no_spacer\" style=\"top\"><\/div><div class=\"uvc-main-heading ult-responsive\"  data-ultimate-target='.uvc-heading.ultimate-heading-821269f7170a2d34a h2'  data-responsive-json-new='{\"font-size\":\"\",\"line-height\":\"\"}' ><h2 style=\"font-weight:bold;color:#ffffff;margin-bottom:15px;\">Contact Us<\/h2><\/div><div class=\"uvc-sub-heading ult-responsive\"  data-ultimate-target='.uvc-heading.ultimate-heading-821269f7170a2d34a .uvc-sub-heading '  data-responsive-json-new='{\"font-size\":\"\",\"line-height\":\"\"}'  style=\"font-weight:normal;color:rgba(255,255,255,0.7);margin-bottom:30px;\">Do you have any questions about this position or other thoughts?<\/p>\n<p>You can contact our HR at any time<\/p>\n<p>+49 3022190165<br \/>\nhr@ghz-berlin.org<\/div><\/div><\/div><\/div><\/div><\/div><div class=\"vc_row-full-width vc_clearfix\"><\/div>\n<\/div>","protected":false},"excerpt":{"rendered":"<p>Vollzeit\/TeilzeitVollzeit Aufgaben Unterst\u00fctzen unsere Bildungsprojekte und leisten Verwaltung der Studentenwohnheime und Studentenbetreuung Unterst\u00fctzen dem Bewerbungsprozess unserer Bildungsteilnehmer, sowie der Wohnungssuche, der Abholung vom Flughafen usw. Betreuen der Bildungsteilnehmer und stehen ihnen hilfreich bei Lernen und Leben in Deutschland Allgemeine organisatorische T\u00e4tigkeiten, \u00dcbersetzungs- und Recherchearbeiten im Rahmen des Projekts. Profil Sie verf\u00fcgen gute Deutschkenntnisse, Chinesischkenntnisse sind&hellip;<\/p>","protected":false},"author":1,"featured_media":0,"parent":0,"menu_order":82,"comment_status":"closed","ping_status":"closed","template":"","meta":{"footnotes":""},"class_list":["post-4359","page","type-page","status-publish","hentry","description-off"],"_links":{"self":[{"href":"https:\/\/www.ghz-berlin.org\/en\/wp-json\/wp\/v2\/pages\/4359","targetHints":{"allow":["GET"]}}],"collection":[{"href":"https:\/\/www.ghz-berlin.org\/en\/wp-json\/wp\/v2\/pages"}],"about":[{"href":"https:\/\/www.ghz-berlin.org\/en\/wp-json\/wp\/v2\/types\/page"}],"author":[{"embeddable":true,"href":"https:\/\/www.ghz-berlin.org\/en\/wp-json\/wp\/v2\/users\/1"}],"replies":[{"embeddable":true,"href":"https:\/\/www.ghz-berlin.org\/en\/wp-json\/wp\/v2\/comments?post=4359"}],"version-history":[{"count":0,"href":"https:\/\/www.ghz-berlin.org\/en\/wp-json\/wp\/v2\/pages\/4359\/revisions"}],"wp:attachment":[{"href":"https:\/\/www.ghz-berlin.org\/en\/wp-json\/wp\/v2\/media?parent=4359"}],"curies":[{"name":"wp","href":"https:\/\/api.w.org\/{rel}","templated":true}]}}