{"id":4217,"date":"2025-03-11T13:59:20","date_gmt":"2025-03-11T05:59:20","guid":{"rendered":"http:\/\/192.168.1.233\/?page_id=4217"},"modified":"2025-03-21T09:51:17","modified_gmt":"2025-03-21T01:51:17","slug":"social-media-manager","status":"publish","type":"page","link":"https:\/\/www.ghz-berlin.org\/en\/social-media-manager","title":{"rendered":"Social Media Manager"},"content":{"rendered":"<div class=\"wpb-content-wrapper\"><div class=\"vc_row wpb_row vc_row-fluid vc_custom_1742355246947\"><div class=\"wpb_column vc_column_container vc_col-sm-12\"><div class=\"vc_column-inner\"><div class=\"wpb_wrapper\"><div  class=\"vc_do_toggle vc_toggle vc_toggle_default vc_toggle_color_default  vc_toggle_size_md vc_toggle_active   wpb_animate_when_almost_visible wpb_fadeIn fadeIn vc_custom_1742354399098\"><div class=\"vc_toggle_title\"><h4>Full-time\/Part-time<\/h4><i class=\"vc_toggle_icon\"><\/i><\/div><div class=\"vc_toggle_content\"><p>Full-time<\/p>\n<\/div><\/div><div  class=\"vc_do_toggle vc_toggle vc_toggle_default vc_toggle_color_default  vc_toggle_size_md vc_toggle_active   wpb_animate_when_almost_visible wpb_fadeIn fadeIn\"><div class=\"vc_toggle_title\"><h4>Responsibilities<\/h4><i class=\"vc_toggle_icon\"><\/i><\/div><div class=\"vc_toggle_content\"><ul>\n<li class=\" translation-block\">Video Shooting and On-Camera Appearance<br>\nCreate videos based on employer requirements, such as short social media videos, student airport pick-ups, interviews, and everyday life scenes in Germany. Ensure the video quality and content meet the required standards.<\/li>\n<li class=\" translation-block\">Short Video Platform Management<br>\nResponsible for the daily operation of short video platforms, including content publishing, fan interaction, and comment replies. Analyze video data, adjust operational strategies, and improve account ranking and content exposure.<\/li>\n<li class=\" translation-block\">Content Planning and Script Writing<br>\nDevelop content strategies based on platform characteristics and target audiences. Plan creative topics and write high-quality, attention-grabbing scripts for short videos.<\/li>\n<li class=\" translation-block\">Stay Updated with Industry Trends and Platform Developments<br>\nCreate viral and topic-driven short video content that aligns with the brand or product. Monitor industry trends and platform changes to ensure the content is timely and impactful.<\/li>\n<li class=\" translation-block\">Participation and Planning of Live Streams<br>\nContribute to live stream planning and script writing. Conduct pre-stream promotions via short video platforms and assist during the live stream to ensure the desired outcomes.<\/li>\n<\/ul>\n<\/div><\/div><div  class=\"vc_do_toggle vc_toggle vc_toggle_default vc_toggle_color_default  vc_toggle_size_md vc_toggle_active   wpb_animate_when_almost_visible wpb_fadeIn fadeIn\"><div class=\"vc_toggle_title\"><h4>Requirements<\/h4><i class=\"vc_toggle_icon\"><\/i><\/div><div class=\"vc_toggle_content\"><ul>\n<li>Passion for creating short videos with excellent creative planning and scriptwriting skills.<\/li>\n<li>Familiarity with major short video platforms (e.g., TikTok, Kuaishou, WeChat Channels) and their algorithms. Basic data analysis skills are a plus.<\/li>\n<li>Familiarity with German culture and society. Fast learner with the ability to quickly acquire new knowledge and skills.<\/li>\n<li>Familiarity with German culture and society. Fast learner with the ability to quickly acquire new knowledge and skills.<\/li>\n<li>No specific degree required. At least one year of experience in short video operations. Successful case studies are preferred.<\/li>\n<\/ul>\n<\/div><\/div><\/div><\/div><\/div><\/div><div data-vc-full-width=\"true\" data-vc-full-width-temp=\"true\" data-vc-full-width-init=\"false\" class=\"vc_row wpb_row vc_row-fluid vc_custom_1742355113707 vc_row-has-fill\"><div class=\"wpb_column vc_column_container vc_col-sm-12 vc_col-lg-offset-2 vc_col-lg-8 vc_col-md-offset-2 vc_col-md-8 vc_col-sm-offset-0 vc_col-xs-12\"><div class=\"vc_column-inner\"><div class=\"wpb_wrapper\"><div id=\"ultimate-heading-611269f1fd08de6d3\" class=\"uvc-heading ult-adjust-bottom-margin ultimate-heading-611269f1fd08de6d3 uvc-7898\" data-hspacer=\"no_spacer\"  data-halign=\"center\" style=\"text-align:center\"><div class=\"uvc-heading-spacer no_spacer\" style=\"top\"><\/div><div class=\"uvc-main-heading ult-responsive\"  data-ultimate-target='.uvc-heading.ultimate-heading-611269f1fd08de6d3 h2'  data-responsive-json-new='{\"font-size\":\"\",\"line-height\":\"\"}' ><h2 style=\"font-weight:bold;color:#ffffff;margin-bottom:15px;\">Contact Us<\/h2><\/div><div class=\"uvc-sub-heading ult-responsive\"  data-ultimate-target='.uvc-heading.ultimate-heading-611269f1fd08de6d3 .uvc-sub-heading '  data-responsive-json-new='{\"font-size\":\"\",\"line-height\":\"\"}'  style=\"font-weight:normal;color:rgba(255,255,255,0.7);margin-bottom:30px;\">Do you have any questions about this position or other thoughts?<\/p>\n<p>You can contact our HR at any time<\/p>\n<p>+49 3022190165<br \/>\nhr@ghz-berlin.org<\/div><\/div><\/div><\/div><\/div><\/div><div class=\"vc_row-full-width vc_clearfix\"><\/div>\n<\/div>","protected":false},"excerpt":{"rendered":"<p>Vollzeit\/TeilzeitVollzeit Aufgaben Videoaufnahmen und Auftritt Erstellen von Videos nach den Vorgaben des Arbeitgebers, z.B. f\u00fcr Kurzvideos auf Social Media, Begr\u00fc\u00dfung von Studierenden am Flughafen, Interviews und Alltagsszenen aus Deutschland. Sicherstellen, dass die Videoqualit\u00e4t und der Inhalt den Anforderungen entsprechen. Betrieb und Verwaltung der Kurzvideo-Plattform Verantwortlich f\u00fcr die t\u00e4gliche Verwaltung der Kurzvideo-Plattformen, einschlie\u00dflich Inhaltsver\u00f6ffentlichung, Interaktion mit&hellip;<\/p>","protected":false},"author":1,"featured_media":0,"parent":0,"menu_order":81,"comment_status":"closed","ping_status":"closed","template":"","meta":{"footnotes":""},"class_list":["post-4217","page","type-page","status-publish","hentry","description-off"],"_links":{"self":[{"href":"https:\/\/www.ghz-berlin.org\/en\/wp-json\/wp\/v2\/pages\/4217","targetHints":{"allow":["GET"]}}],"collection":[{"href":"https:\/\/www.ghz-berlin.org\/en\/wp-json\/wp\/v2\/pages"}],"about":[{"href":"https:\/\/www.ghz-berlin.org\/en\/wp-json\/wp\/v2\/types\/page"}],"author":[{"embeddable":true,"href":"https:\/\/www.ghz-berlin.org\/en\/wp-json\/wp\/v2\/users\/1"}],"replies":[{"embeddable":true,"href":"https:\/\/www.ghz-berlin.org\/en\/wp-json\/wp\/v2\/comments?post=4217"}],"version-history":[{"count":0,"href":"https:\/\/www.ghz-berlin.org\/en\/wp-json\/wp\/v2\/pages\/4217\/revisions"}],"wp:attachment":[{"href":"https:\/\/www.ghz-berlin.org\/en\/wp-json\/wp\/v2\/media?parent=4217"}],"curies":[{"name":"wp","href":"https:\/\/api.w.org\/{rel}","templated":true}]}}