{"id":1489,"date":"2025-03-07T13:00:24","date_gmt":"2025-03-07T05:00:24","guid":{"rendered":"http:\/\/seek.aery.cn\/contact"},"modified":"2025-03-20T13:50:41","modified_gmt":"2025-03-20T05:50:41","slug":"contact","status":"publish","type":"page","link":"https:\/\/www.ghz-berlin.org\/en\/contact","title":{"rendered":"Contact"},"content":{"rendered":"<div class=\"wpb-content-wrapper\"><div class=\"vc_row wpb_row vc_row-fluid vc_custom_1575380785088\"><div class=\"wpb_column vc_column_container vc_col-sm-12 vc_col-lg-offset-2 vc_col-lg-8 vc_col-md-offset-2 vc_col-md-8 vc_col-sm-offset-1 vc_col-xs-offset-1 vc_col-xs-10\"><div class=\"vc_column-inner\"><div class=\"wpb_wrapper\"><form class=\"dt-contact-form dt-form privacy-form\" method=\"post\"><input type=\"hidden\" name=\"widget_id\" value=\"presscore-contact-form-widget--1\" \/><input type=\"hidden\" name=\"send_message\" value=\"\" \/><input type=\"hidden\" name=\"security_token\" value=\"69a7605c0204704bc5a0\"\/><div class=\"form-fields\"><span class=\"form-name\"><label class=\"assistive-text\">Name *<\/label><input type=\"text\" class=\"validate[required]\" placeholder=\"Name *\" name=\"name\" value=\"\" aria-required=\"true\">\n<\/span><span class=\"form-mail\"><label class=\"assistive-text\">E-mail *<\/label><input type=\"text\" class=\"validate[required,custom[email]]\" placeholder=\"E-mail *\" name=\"email\" value=\"\" aria-required=\"true\">\n<\/span><span class=\"form-telephone\"><label class=\"assistive-text\">Telephone<\/label><input type=\"text\" placeholder=\"Telephone\" name=\"telephone\" value=\"\" aria-required=\"false\">\n<\/span><span class=\"form-company\"><label class=\"assistive-text\">Company<\/label><input type=\"text\" placeholder=\"Company\" name=\"company\" value=\"\" aria-required=\"false\">\n<\/span><\/div><span class=\"form-message\"><label class=\"assistive-text\">Message *<\/label><textarea class=\"validate[required]\" placeholder=\"Message *\" name=\"message\" rows=\"6\" aria-required=\"true\"><\/textarea>\n<\/span><p class=\"the7-form-terms-wrap\"><input type=\"checkbox\" id=\"the7-form-terms-fd4771e85e1f916f239624486bff502d\" name=\"terms\" class=\"validate[required] the7-form-terms\" aria-required=\"true\" \/>&nbsp;<label for=\"the7-form-terms-fd4771e85e1f916f239624486bff502d\"><span class=\"form-terms-text\">Mit dem Absenden des Formulars erkl\u00e4re ich mich mit der Verarbeitung meiner Daten gem\u00e4\u00df der Datenschutzerkl\u00e4rung einverstanden.<\/span><\/label><\/p><p><a href=\"#\" class=\"dt-btn dt-btn-m dt-btn-submit\" rel=\"nofollow\"><span>Absenden<\/span><\/a><input class=\"assistive-text\" type=\"submit\" value=\"submit\"><\/p><\/form>\n<\/div><\/div><\/div><\/div><div data-vc-full-width=\"true\" data-vc-full-width-temp=\"true\" data-vc-full-width-init=\"false\" class=\"vc_row wpb_row vc_row-fluid vc_custom_1575377882611 vc_row-has-fill vc_row-o-equal-height vc_row-flex\"><div class=\"wpb_column vc_column_container vc_col-sm-12\"><div class=\"vc_column-inner\"><div class=\"wpb_wrapper\"><div class=\"vc_row wpb_row vc_inner vc_row-fluid vc_custom_1575373349723 vc_column-gap-30 vc_row-o-equal-height vc_row-flex\"><div class=\"wpb_column vc_column_container vc_col-sm-4 vc_col-has-fill\"><div class=\"vc_column-inner vc_custom_1575376164580\"><div class=\"wpb_wrapper\"><style type=\"text\/css\" data-type=\"the7_shortcodes-inline-css\">.icon-with-text-shortcode.icon-text-id-ad85a49b149f5c286acef47708faf0c0 .text-icon {\n  width: 48px;\n  height: 48px;\n  line-height: 48px;\n  font-size: 48px;\n  border-radius: 200px;\n  margin: 0px 0px 25px 0px;\n}\n.icon-with-text-shortcode.icon-text-id-ad85a49b149f5c286acef47708faf0c0 .text-icon .icon-inner {\n  min-width: 48px;\n  min-height: 48px;\n  border-radius: 200px;\n}\n@media all and (-ms-high-contrast: none) {\n  .icon-with-text-shortcode.icon-text-id-ad85a49b149f5c286acef47708faf0c0 .text-icon .icon-inner {\n    height: 48px;\n  }\n}\n.icon-with-text-shortcode.icon-text-id-ad85a49b149f5c286acef47708faf0c0 .text-icon .dt-hover-icon {\n  line-height: 48px;\n}\n.icon-with-text-shortcode.icon-text-id-ad85a49b149f5c286acef47708faf0c0 .text-icon:before,\n.icon-with-text-shortcode.icon-text-id-ad85a49b149f5c286acef47708faf0c0 .text-icon:after,\n.icon-with-text-shortcode.icon-text-id-ad85a49b149f5c286acef47708faf0c0 .text-icon .icon-inner:before,\n.icon-with-text-shortcode.icon-text-id-ad85a49b149f5c286acef47708faf0c0 .text-icon .icon-inner:after {\n  min-width: 100%;\n  min-height: 100%;\n  padding: inherit;\n  border-radius: inherit;\n}\n.icon-with-text-shortcode.icon-text-id-ad85a49b149f5c286acef47708faf0c0 .text-icon.dt-icon-border-on:before {\n  border-width: 2px;\n  border-style: solid;\n}\n.dt-icon-border-dashed.icon-with-text-shortcode.icon-text-id-ad85a49b149f5c286acef47708faf0c0 .text-icon.dt-icon-border-on:before {\n  border-style: dashed;\n}\n.dt-icon-border-dotted.icon-with-text-shortcode.icon-text-id-ad85a49b149f5c286acef47708faf0c0 .text-icon.dt-icon-border-on:before {\n  border-style: dotted;\n}\n.dt-icon-border-double.icon-with-text-shortcode.icon-text-id-ad85a49b149f5c286acef47708faf0c0 .text-icon.dt-icon-border-on:before {\n  border-style: double;\n}\n.icon-with-text-shortcode.icon-text-id-ad85a49b149f5c286acef47708faf0c0 .text-icon.dt-icon-border-dashed.dt-icon-border-on:before {\n  border-style: dashed;\n}\n.icon-with-text-shortcode.icon-text-id-ad85a49b149f5c286acef47708faf0c0 .text-icon.dt-icon-border-dotted.dt-icon-border-on:before {\n  border-style: dotted;\n}\n.icon-with-text-shortcode.icon-text-id-ad85a49b149f5c286acef47708faf0c0 .text-icon.dt-icon-border-double.dt-icon-border-on:before {\n  border-style: double;\n}\n.icon-with-text-shortcode.icon-text-id-ad85a49b149f5c286acef47708faf0c0 .text-icon.dt-icon-hover-border-on:after {\n  border-width: 2px;\n  border-style: solid;\n}\n.icon-with-text-shortcode.icon-text-id-ad85a49b149f5c286acef47708faf0c0 .text-icon.dt-icon-border-dashed.dt-icon-hover-border-on:after {\n  border-style: dashed;\n}\n.icon-with-text-shortcode.icon-text-id-ad85a49b149f5c286acef47708faf0c0 .text-icon.dt-icon-border-dotted.dt-icon-hover-border-on:after {\n  border-style: dotted;\n}\n.icon-with-text-shortcode.icon-text-id-ad85a49b149f5c286acef47708faf0c0 .text-icon.dt-icon-border-double.dt-icon-hover-border-on:after {\n  border-style: double;\n}\n.icon-with-text-shortcode.icon-text-id-ad85a49b149f5c286acef47708faf0c0 .text-icon.dt-icon-hover-on:hover {\n  font-size: 48px;\n}\n#page .icon-with-text-shortcode.icon-text-id-ad85a49b149f5c286acef47708faf0c0 .text-icon.dt-icon-hover-on:hover .soc-font-icon,\n#phantom .icon-with-text-shortcode.icon-text-id-ad85a49b149f5c286acef47708faf0c0 .text-icon.dt-icon-hover-on:hover .soc-font-icon,\n#page .icon-with-text-shortcode.icon-text-id-ad85a49b149f5c286acef47708faf0c0 .text-icon.dt-icon-hover-on:hover .soc-icon,\n#phantom .icon-with-text-shortcode.icon-text-id-ad85a49b149f5c286acef47708faf0c0 .text-icon.dt-icon-hover-on:hover .soc-icon {\n  color: #fff;\n  background: none;\n}\n.icon-with-text-shortcode.icon-text-id-ad85a49b149f5c286acef47708faf0c0.layout-1 {\n  grid-template-columns: 48px minmax(0,1fr);\n  grid-column-gap: 0px;\n}\n.icon-with-text-shortcode.icon-text-id-ad85a49b149f5c286acef47708faf0c0.layout-2 {\n  grid-template-columns: minmax(0,1fr) 48px;\n  grid-column-gap: 0px;\n}\n.icon-with-text-shortcode.icon-text-id-ad85a49b149f5c286acef47708faf0c0.layout-2 .text-icon {\n  margin-left: 0;\n}\n.icon-with-text-shortcode.icon-text-id-ad85a49b149f5c286acef47708faf0c0.layout-3 {\n  grid-template-columns: 48px minmax(0,1fr);\n}\n.icon-with-text-shortcode.icon-text-id-ad85a49b149f5c286acef47708faf0c0.layout-3 .dt-text-title {\n  margin-left: 0px;\n}\n.icon-with-text-shortcode.icon-text-id-ad85a49b149f5c286acef47708faf0c0 .dt-text-title {\n  margin-bottom: 20px;\n}\n.icon-with-text-shortcode.icon-text-id-ad85a49b149f5c286acef47708faf0c0 .dt-text-desc {\n  color: #222222;\n  background: none;\n  margin-bottom: 0px;\n  font-size: 24px;\n  line-height: 34px;\n  font-weight: bold;\n}<\/style><div class=\"icon-with-text-shortcode  icon-text-id-ad85a49b149f5c286acef47708faf0c0 layout-5  \" ><span   class=\"text-icon dt-icon-bg-off dt-icon-hover-off\" ><span class=\"icon-inner\"><i class=\"dt-regular-icon soc-icon icomoon-the7-font-the7-phone-03\"><\/i><i class=\"dt-hover-icon soc-icon icomoon-the7-font-the7-phone-03\"><\/i><\/span><\/span><p class=\"dt-text-title\"  >Rufen Sie uns an<\/p><div class=\"dt-text-desc\">+49 3022190165<\/div><\/div><\/div><\/div><\/div><div class=\"wpb_column vc_column_container vc_col-sm-4 vc_col-has-fill\"><div class=\"vc_column-inner vc_custom_1575376169747\"><div class=\"wpb_wrapper\"><style type=\"text\/css\" data-type=\"the7_shortcodes-inline-css\">.icon-with-text-shortcode.icon-text-id-cac30827c75bf75180cfe0974b594e67 .text-icon {\n  width: 48px;\n  height: 48px;\n  line-height: 48px;\n  font-size: 48px;\n  border-radius: 200px;\n  margin: 0px 0px 25px 0px;\n}\n.icon-with-text-shortcode.icon-text-id-cac30827c75bf75180cfe0974b594e67 .text-icon .icon-inner {\n  min-width: 48px;\n  min-height: 48px;\n  border-radius: 200px;\n}\n@media all and (-ms-high-contrast: none) {\n  .icon-with-text-shortcode.icon-text-id-cac30827c75bf75180cfe0974b594e67 .text-icon .icon-inner {\n    height: 48px;\n  }\n}\n.icon-with-text-shortcode.icon-text-id-cac30827c75bf75180cfe0974b594e67 .text-icon .dt-hover-icon {\n  line-height: 48px;\n}\n.icon-with-text-shortcode.icon-text-id-cac30827c75bf75180cfe0974b594e67 .text-icon:before,\n.icon-with-text-shortcode.icon-text-id-cac30827c75bf75180cfe0974b594e67 .text-icon:after,\n.icon-with-text-shortcode.icon-text-id-cac30827c75bf75180cfe0974b594e67 .text-icon .icon-inner:before,\n.icon-with-text-shortcode.icon-text-id-cac30827c75bf75180cfe0974b594e67 .text-icon .icon-inner:after {\n  min-width: 100%;\n  min-height: 100%;\n  padding: inherit;\n  border-radius: inherit;\n}\n.icon-with-text-shortcode.icon-text-id-cac30827c75bf75180cfe0974b594e67 .text-icon.dt-icon-border-on:before {\n  border-width: 2px;\n  border-style: solid;\n}\n.dt-icon-border-dashed.icon-with-text-shortcode.icon-text-id-cac30827c75bf75180cfe0974b594e67 .text-icon.dt-icon-border-on:before {\n  border-style: dashed;\n}\n.dt-icon-border-dotted.icon-with-text-shortcode.icon-text-id-cac30827c75bf75180cfe0974b594e67 .text-icon.dt-icon-border-on:before {\n  border-style: dotted;\n}\n.dt-icon-border-double.icon-with-text-shortcode.icon-text-id-cac30827c75bf75180cfe0974b594e67 .text-icon.dt-icon-border-on:before {\n  border-style: double;\n}\n.icon-with-text-shortcode.icon-text-id-cac30827c75bf75180cfe0974b594e67 .text-icon.dt-icon-border-dashed.dt-icon-border-on:before {\n  border-style: dashed;\n}\n.icon-with-text-shortcode.icon-text-id-cac30827c75bf75180cfe0974b594e67 .text-icon.dt-icon-border-dotted.dt-icon-border-on:before {\n  border-style: dotted;\n}\n.icon-with-text-shortcode.icon-text-id-cac30827c75bf75180cfe0974b594e67 .text-icon.dt-icon-border-double.dt-icon-border-on:before {\n  border-style: double;\n}\n.icon-with-text-shortcode.icon-text-id-cac30827c75bf75180cfe0974b594e67 .text-icon.dt-icon-hover-border-on:after {\n  border-width: 2px;\n  border-style: solid;\n}\n.icon-with-text-shortcode.icon-text-id-cac30827c75bf75180cfe0974b594e67 .text-icon.dt-icon-border-dashed.dt-icon-hover-border-on:after {\n  border-style: dashed;\n}\n.icon-with-text-shortcode.icon-text-id-cac30827c75bf75180cfe0974b594e67 .text-icon.dt-icon-border-dotted.dt-icon-hover-border-on:after {\n  border-style: dotted;\n}\n.icon-with-text-shortcode.icon-text-id-cac30827c75bf75180cfe0974b594e67 .text-icon.dt-icon-border-double.dt-icon-hover-border-on:after {\n  border-style: double;\n}\n.icon-with-text-shortcode.icon-text-id-cac30827c75bf75180cfe0974b594e67 .text-icon.dt-icon-hover-on:hover {\n  font-size: 48px;\n}\n#page .icon-with-text-shortcode.icon-text-id-cac30827c75bf75180cfe0974b594e67 .text-icon.dt-icon-hover-on:hover .soc-font-icon,\n#phantom .icon-with-text-shortcode.icon-text-id-cac30827c75bf75180cfe0974b594e67 .text-icon.dt-icon-hover-on:hover .soc-font-icon,\n#page .icon-with-text-shortcode.icon-text-id-cac30827c75bf75180cfe0974b594e67 .text-icon.dt-icon-hover-on:hover .soc-icon,\n#phantom .icon-with-text-shortcode.icon-text-id-cac30827c75bf75180cfe0974b594e67 .text-icon.dt-icon-hover-on:hover .soc-icon {\n  color: #fff;\n  background: none;\n}\n.icon-with-text-shortcode.icon-text-id-cac30827c75bf75180cfe0974b594e67.layout-1 {\n  grid-template-columns: 48px minmax(0,1fr);\n  grid-column-gap: 0px;\n}\n.icon-with-text-shortcode.icon-text-id-cac30827c75bf75180cfe0974b594e67.layout-2 {\n  grid-template-columns: minmax(0,1fr) 48px;\n  grid-column-gap: 0px;\n}\n.icon-with-text-shortcode.icon-text-id-cac30827c75bf75180cfe0974b594e67.layout-2 .text-icon {\n  margin-left: 0;\n}\n.icon-with-text-shortcode.icon-text-id-cac30827c75bf75180cfe0974b594e67.layout-3 {\n  grid-template-columns: 48px minmax(0,1fr);\n}\n.icon-with-text-shortcode.icon-text-id-cac30827c75bf75180cfe0974b594e67.layout-3 .dt-text-title {\n  margin-left: 0px;\n}\n.icon-with-text-shortcode.icon-text-id-cac30827c75bf75180cfe0974b594e67 .dt-text-title {\n  margin-bottom: 20px;\n}\n.icon-with-text-shortcode.icon-text-id-cac30827c75bf75180cfe0974b594e67 .dt-text-desc {\n  color: #222222;\n  background: none;\n  margin-bottom: 0px;\n  font-size: 18px;\n  line-height: 28px;\n  font-weight: bold;\n}<\/style><div class=\"icon-with-text-shortcode  icon-text-id-cac30827c75bf75180cfe0974b594e67 layout-5  \" ><span   class=\"text-icon dt-icon-bg-off dt-icon-hover-off\" ><span class=\"icon-inner\"><i class=\"dt-regular-icon soc-icon icomoon-the7-font-the7-mail-03\"><\/i><i class=\"dt-hover-icon soc-icon icomoon-the7-font-the7-mail-03\"><\/i><\/span><\/span><p class=\"dt-text-title\"  >Mail<\/p><div class=\"dt-text-desc\">info@ghz-berlin.org<\/div><\/div><\/div><\/div><\/div><div class=\"wpb_column vc_column_container vc_col-sm-4 vc_col-has-fill\"><div class=\"vc_column-inner vc_custom_1575376175451\"><div class=\"wpb_wrapper\"><style type=\"text\/css\" data-type=\"the7_shortcodes-inline-css\">.icon-with-text-shortcode.icon-text-id-b3e43e1075d49bc611d3e5d15565256c .text-icon {\n  width: 48px;\n  height: 48px;\n  line-height: 48px;\n  font-size: 48px;\n  border-radius: 200px;\n  margin: 0px 0px 25px 0px;\n}\n.icon-with-text-shortcode.icon-text-id-b3e43e1075d49bc611d3e5d15565256c .text-icon .icon-inner {\n  min-width: 48px;\n  min-height: 48px;\n  border-radius: 200px;\n}\n@media all and (-ms-high-contrast: none) {\n  .icon-with-text-shortcode.icon-text-id-b3e43e1075d49bc611d3e5d15565256c .text-icon .icon-inner {\n    height: 48px;\n  }\n}\n.icon-with-text-shortcode.icon-text-id-b3e43e1075d49bc611d3e5d15565256c .text-icon .dt-hover-icon {\n  line-height: 48px;\n}\n.icon-with-text-shortcode.icon-text-id-b3e43e1075d49bc611d3e5d15565256c .text-icon:before,\n.icon-with-text-shortcode.icon-text-id-b3e43e1075d49bc611d3e5d15565256c .text-icon:after,\n.icon-with-text-shortcode.icon-text-id-b3e43e1075d49bc611d3e5d15565256c .text-icon .icon-inner:before,\n.icon-with-text-shortcode.icon-text-id-b3e43e1075d49bc611d3e5d15565256c .text-icon .icon-inner:after {\n  min-width: 100%;\n  min-height: 100%;\n  padding: inherit;\n  border-radius: inherit;\n}\n.icon-with-text-shortcode.icon-text-id-b3e43e1075d49bc611d3e5d15565256c .text-icon.dt-icon-border-on:before {\n  border-width: 2px;\n  border-style: solid;\n}\n.dt-icon-border-dashed.icon-with-text-shortcode.icon-text-id-b3e43e1075d49bc611d3e5d15565256c .text-icon.dt-icon-border-on:before {\n  border-style: dashed;\n}\n.dt-icon-border-dotted.icon-with-text-shortcode.icon-text-id-b3e43e1075d49bc611d3e5d15565256c .text-icon.dt-icon-border-on:before {\n  border-style: dotted;\n}\n.dt-icon-border-double.icon-with-text-shortcode.icon-text-id-b3e43e1075d49bc611d3e5d15565256c .text-icon.dt-icon-border-on:before {\n  border-style: double;\n}\n.icon-with-text-shortcode.icon-text-id-b3e43e1075d49bc611d3e5d15565256c .text-icon.dt-icon-border-dashed.dt-icon-border-on:before {\n  border-style: dashed;\n}\n.icon-with-text-shortcode.icon-text-id-b3e43e1075d49bc611d3e5d15565256c .text-icon.dt-icon-border-dotted.dt-icon-border-on:before {\n  border-style: dotted;\n}\n.icon-with-text-shortcode.icon-text-id-b3e43e1075d49bc611d3e5d15565256c .text-icon.dt-icon-border-double.dt-icon-border-on:before {\n  border-style: double;\n}\n.icon-with-text-shortcode.icon-text-id-b3e43e1075d49bc611d3e5d15565256c .text-icon.dt-icon-hover-border-on:after {\n  border-width: 2px;\n  border-style: solid;\n}\n.icon-with-text-shortcode.icon-text-id-b3e43e1075d49bc611d3e5d15565256c .text-icon.dt-icon-border-dashed.dt-icon-hover-border-on:after {\n  border-style: dashed;\n}\n.icon-with-text-shortcode.icon-text-id-b3e43e1075d49bc611d3e5d15565256c .text-icon.dt-icon-border-dotted.dt-icon-hover-border-on:after {\n  border-style: dotted;\n}\n.icon-with-text-shortcode.icon-text-id-b3e43e1075d49bc611d3e5d15565256c .text-icon.dt-icon-border-double.dt-icon-hover-border-on:after {\n  border-style: double;\n}\n.icon-with-text-shortcode.icon-text-id-b3e43e1075d49bc611d3e5d15565256c .text-icon.dt-icon-hover-on:hover {\n  font-size: 48px;\n}\n#page .icon-with-text-shortcode.icon-text-id-b3e43e1075d49bc611d3e5d15565256c .text-icon.dt-icon-hover-on:hover .soc-font-icon,\n#phantom .icon-with-text-shortcode.icon-text-id-b3e43e1075d49bc611d3e5d15565256c .text-icon.dt-icon-hover-on:hover .soc-font-icon,\n#page .icon-with-text-shortcode.icon-text-id-b3e43e1075d49bc611d3e5d15565256c .text-icon.dt-icon-hover-on:hover .soc-icon,\n#phantom .icon-with-text-shortcode.icon-text-id-b3e43e1075d49bc611d3e5d15565256c .text-icon.dt-icon-hover-on:hover .soc-icon {\n  color: #fff;\n  background: none;\n}\n.icon-with-text-shortcode.icon-text-id-b3e43e1075d49bc611d3e5d15565256c.layout-1 {\n  grid-template-columns: 48px minmax(0,1fr);\n  grid-column-gap: 0px;\n}\n.icon-with-text-shortcode.icon-text-id-b3e43e1075d49bc611d3e5d15565256c.layout-2 {\n  grid-template-columns: minmax(0,1fr) 48px;\n  grid-column-gap: 0px;\n}\n.icon-with-text-shortcode.icon-text-id-b3e43e1075d49bc611d3e5d15565256c.layout-2 .text-icon {\n  margin-left: 0;\n}\n.icon-with-text-shortcode.icon-text-id-b3e43e1075d49bc611d3e5d15565256c.layout-3 {\n  grid-template-columns: 48px minmax(0,1fr);\n}\n.icon-with-text-shortcode.icon-text-id-b3e43e1075d49bc611d3e5d15565256c.layout-3 .dt-text-title {\n  margin-left: 0px;\n}\n.icon-with-text-shortcode.icon-text-id-b3e43e1075d49bc611d3e5d15565256c .dt-text-title {\n  margin-bottom: 20px;\n}\n.icon-with-text-shortcode.icon-text-id-b3e43e1075d49bc611d3e5d15565256c .dt-text-desc {\n  color: #222222;\n  background: none;\n  margin-bottom: 0px;\n  font-size: 18px;\n  line-height: 28px;\n  font-weight: bold;\n}<\/style><div class=\"icon-with-text-shortcode  icon-text-id-b3e43e1075d49bc611d3e5d15565256c layout-5  \" ><span   class=\"text-icon dt-icon-bg-off dt-icon-hover-off\" ><span class=\"icon-inner\"><i class=\"dt-regular-icon soc-icon icomoon-the7-font-the7-map-05\"><\/i><i class=\"dt-hover-icon soc-icon icomoon-the7-font-the7-map-05\"><\/i><\/span><\/span><p class=\"dt-text-title\"  >Adresse<\/p><div class=\"dt-text-desc\">Naglerstr. 5 10245 Berlin<\/div><\/div><\/div><\/div><\/div><\/div><\/div><\/div><\/div><\/div><div class=\"vc_row-full-width vc_clearfix\"><\/div><div class=\"vc_row wpb_row vc_row-fluid\"><div class=\"wpb_column vc_column_container vc_col-sm-12\"><div class=\"vc_column-inner\"><div class=\"wpb_wrapper\"><\/div><\/div><\/div><\/div>\n<\/div>","protected":false},"excerpt":{"rendered":"<p>Rufen Sie uns an+49 3022190165Mailinfo@ghz-berlin.orgAdresseNaglerstr. 5 10245 Berlin<\/p>","protected":false},"author":1,"featured_media":0,"parent":0,"menu_order":9,"comment_status":"closed","ping_status":"closed","template":"","meta":{"footnotes":""},"class_list":["post-1489","page","type-page","status-publish","hentry","description-off"],"_links":{"self":[{"href":"https:\/\/www.ghz-berlin.org\/en\/wp-json\/wp\/v2\/pages\/1489","targetHints":{"allow":["GET"]}}],"collection":[{"href":"https:\/\/www.ghz-berlin.org\/en\/wp-json\/wp\/v2\/pages"}],"about":[{"href":"https:\/\/www.ghz-berlin.org\/en\/wp-json\/wp\/v2\/types\/page"}],"author":[{"embeddable":true,"href":"https:\/\/www.ghz-berlin.org\/en\/wp-json\/wp\/v2\/users\/1"}],"replies":[{"embeddable":true,"href":"https:\/\/www.ghz-berlin.org\/en\/wp-json\/wp\/v2\/comments?post=1489"}],"version-history":[{"count":0,"href":"https:\/\/www.ghz-berlin.org\/en\/wp-json\/wp\/v2\/pages\/1489\/revisions"}],"wp:attachment":[{"href":"https:\/\/www.ghz-berlin.org\/en\/wp-json\/wp\/v2\/media?parent=1489"}],"curies":[{"name":"wp","href":"https:\/\/api.w.org\/{rel}","templated":true}]}}